{"id":262,"date":"2025-05-30T13:59:18","date_gmt":"2025-05-30T13:59:18","guid":{"rendered":"https:\/\/geopark-bih.com\/?page_id=262"},"modified":"2025-10-28T20:11:54","modified_gmt":"2025-10-28T20:11:54","slug":"vstim-3","status":"publish","type":"page","link":"https:\/\/geopark-bih.com\/index.php\/vstim-3\/","title":{"rendered":"V\u0160TIM"},"content":{"rendered":"\n<p><\/p>\n\n\n\n<blockquote class=\"wp-block-quote is-layout-flow wp-block-quote-is-layout-flow\">\n<p>Visoka \u0161kola za turizam i menad\u017ement Konjic (<strong>VSTIM Konjic<\/strong>) pokrenula je inicijativu za osnivanje prvog geoparka u Bosni i Hercegovini \u2013 <strong>Geopark Konjic<\/strong>. Ovaj projekt je prepoznat od strane lokalnih vlasti i stru\u010dnjaka iz susjednih zemalja, uklju\u010duju\u0107i predstavnike <strong>Geoparka Papuk<\/strong> iz Hrvatske i <strong>Vlade Republike Srbije<\/strong>.<\/p>\n\n\n\n<p>Geopark Konjic ima sve prirodne, fizi\u010dke i materijalne pretpostavke za uspjeh, a cilj mu je o\u010duvanje geolo\u0161ke ba\u0161tine, razvoj ekoturizma i edukacija lokalne zajednice o zna\u010daju geoparka.<\/p>\n\n\n\n<p>Osim toga, VSTIM Konjic sudjeluje u <strong>Interreg Danube projektu<\/strong>, koji se fokusira na razvoj novih geopark aktivnosti, uklju\u010divanje ranjivih grupa i odr\u017eivo upravljanje posjetiteljima. Projekt uklju\u010duje me\u0111unarodne partnere iz Njema\u010dke, Srbije, Rumunije, \u010ce\u0161ke, Ma\u0111arske, Austrije, Slovenije i Hrvatske, a podr\u017eava ga <strong>Evropska unija<\/strong>.<\/p>\n<\/blockquote>\n\n\n\n<p><\/p>\n\n\n\n<blockquote class=\"wp-block-quote is-layout-flow wp-block-quote-is-layout-flow\">\n<p><\/p>\n<\/blockquote>\n\n\n\n<p><\/p>\n\n\n","protected":false},"excerpt":{"rendered":"<p>Visoka \u0161kola za turizam i menad\u017ement Konjic (VSTIM Konjic) pokrenula je inicijativu za osnivanje prvog geoparka u Bosni i Hercegovini \u2013 Geopark Konjic. Ovaj projekt je prepoznat od strane lokalnih vlasti i stru\u010dnjaka iz susjednih zemalja, uklju\u010duju\u0107i predstavnike Geoparka Papuk iz Hrvatske i Vlade Republike Srbije. Geopark Konjic ima sve prirodne, fizi\u010dke i materijalne pretpostavke [&hellip;]<\/p>\n","protected":false},"author":1,"featured_media":0,"parent":0,"menu_order":0,"comment_status":"closed","ping_status":"closed","template":"","meta":{"saved_in_kubio":true,"footnotes":""},"class_list":["post-262","page","type-page","status-publish","hentry"],"kubio_ai_page_context":{"short_desc":"","purpose":"general"},"_links":{"self":[{"href":"https:\/\/geopark-bih.com\/index.php\/wp-json\/wp\/v2\/pages\/262","targetHints":{"allow":["GET"]}}],"collection":[{"href":"https:\/\/geopark-bih.com\/index.php\/wp-json\/wp\/v2\/pages"}],"about":[{"href":"https:\/\/geopark-bih.com\/index.php\/wp-json\/wp\/v2\/types\/page"}],"author":[{"embeddable":true,"href":"https:\/\/geopark-bih.com\/index.php\/wp-json\/wp\/v2\/users\/1"}],"replies":[{"embeddable":true,"href":"https:\/\/geopark-bih.com\/index.php\/wp-json\/wp\/v2\/comments?post=262"}],"version-history":[{"count":5,"href":"https:\/\/geopark-bih.com\/index.php\/wp-json\/wp\/v2\/pages\/262\/revisions"}],"predecessor-version":[{"id":352,"href":"https:\/\/geopark-bih.com\/index.php\/wp-json\/wp\/v2\/pages\/262\/revisions\/352"}],"wp:attachment":[{"href":"https:\/\/geopark-bih.com\/index.php\/wp-json\/wp\/v2\/media?parent=262"}],"curies":[{"name":"wp","href":"https:\/\/api.w.org\/{rel}","templated":true}]}}