{"id":246,"date":"2025-05-30T13:57:04","date_gmt":"2025-05-30T13:57:04","guid":{"rendered":"https:\/\/geopark-bih.com\/?page_id=246"},"modified":"2025-05-30T20:41:36","modified_gmt":"2025-05-30T20:41:36","slug":"uslovi-za-geopark1","status":"publish","type":"page","link":"https:\/\/geopark-bih.com\/index.php\/uslovi-za-geopark1\/","title":{"rendered":"Uslovi za Geopark"},"content":{"rendered":"\n<p><\/p>\n\n\n\n<blockquote class=\"wp-block-quote is-layout-flow wp-block-quote-is-layout-flow\">\n<p>Geopark je jedinstveno podru\u010dje koje ima zna\u010dajnu geolo\u0161ku ba\u0161tinu i strategiju za odr\u017eivi razvoj na dobrobit lokalne zajednice. Da bi neko podru\u010dje dobilo status geoparka, mora ispunjavati odre\u0111ene uvjete:<\/p>\n\n\n\n<p><\/p>\n\n\n\n<ul class=\"wp-block-list\">\n<li><strong>Podr\u0161ka lokalne zajednice<\/strong> \u2013 geopark treba doprinositi lokalnom gospodarstvu i uklju\u010divati zajednicu u o\u010duvanje i upravljanje podru\u010djem.<\/li>\n<\/ul>\n\n\n\n<ul class=\"wp-block-list\">\n<li><strong>Geolo\u0161ka ba\u0161tina od me\u0111unarodne va\u017enosti<\/strong> \u2013 podru\u010dje mora imati zna\u010dajne geolo\u0161ke formacije koje su prepoznate kroz znanstvena istra\u017eivanja.<\/li>\n<\/ul>\n\n\n\n<ul class=\"wp-block-list\">\n<li><strong>Prirodna i kulturna ba\u0161tina<\/strong> \u2013 osim geolo\u0161kih karakteristika, geopark treba obuhva\u0107ati bogatu biolo\u0161ku i kulturno-povijesnu ba\u0161tinu.<\/li>\n<\/ul>\n\n\n\n<ul class=\"wp-block-list\">\n<li><strong>Odr\u017eivi razvoj<\/strong> \u2013 geopark mora imati strategiju za ekolo\u0161ki turizam, edukaciju i o\u010duvanje prirodnih resursa.<\/li>\n<\/ul>\n\n\n\n<ul class=\"wp-block-list\">\n<li><strong>Infrastruktura<\/strong> \u2013 potrebno je da postoji odgovaraju\u0107a infrastruktura koja omogu\u0107uje istra\u017eivanje, za\u0161titu i promociju geoparka.<\/li>\n<\/ul>\n<\/blockquote>\n\n\n\n<p><\/p>\n\n\n\n<blockquote class=\"wp-block-quote is-layout-flow wp-block-quote-is-layout-flow\">\n<p><\/p>\n<\/blockquote>\n\n\n\n<p><\/p>\n","protected":false},"excerpt":{"rendered":"","protected":false},"author":1,"featured_media":0,"parent":0,"menu_order":0,"comment_status":"closed","ping_status":"closed","template":"","meta":{"saved_in_kubio":true,"footnotes":""},"class_list":["post-246","page","type-page","status-publish","hentry"],"kubio_ai_page_context":{"short_desc":"","purpose":"general"},"_links":{"self":[{"href":"https:\/\/geopark-bih.com\/index.php\/wp-json\/wp\/v2\/pages\/246","targetHints":{"allow":["GET"]}}],"collection":[{"href":"https:\/\/geopark-bih.com\/index.php\/wp-json\/wp\/v2\/pages"}],"about":[{"href":"https:\/\/geopark-bih.com\/index.php\/wp-json\/wp\/v2\/types\/page"}],"author":[{"embeddable":true,"href":"https:\/\/geopark-bih.com\/index.php\/wp-json\/wp\/v2\/users\/1"}],"replies":[{"embeddable":true,"href":"https:\/\/geopark-bih.com\/index.php\/wp-json\/wp\/v2\/comments?post=246"}],"version-history":[{"count":5,"href":"https:\/\/geopark-bih.com\/index.php\/wp-json\/wp\/v2\/pages\/246\/revisions"}],"predecessor-version":[{"id":277,"href":"https:\/\/geopark-bih.com\/index.php\/wp-json\/wp\/v2\/pages\/246\/revisions\/277"}],"wp:attachment":[{"href":"https:\/\/geopark-bih.com\/index.php\/wp-json\/wp\/v2\/media?parent=246"}],"curies":[{"name":"wp","href":"https:\/\/api.w.org\/{rel}","templated":true}]}}