{"id":239,"date":"2025-05-30T13:47:31","date_gmt":"2025-05-30T13:47:31","guid":{"rendered":"https:\/\/geopark-bih.com\/?page_id=239"},"modified":"2025-05-30T20:34:35","modified_gmt":"2025-05-30T20:34:35","slug":"nova","status":"publish","type":"page","link":"https:\/\/geopark-bih.com\/index.php\/nova\/","title":{"rendered":"nova"},"content":{"rendered":"\n<p><strong><u>Uloga Geocentra u formiranju Geoparka na prostoru Srednje Bosne i Hercegovine<\/u><\/strong><\/p>\n\n\n\n<blockquote class=\"wp-block-quote is-layout-flow wp-block-quote-is-layout-flow\">\n<p>Formiranjem Geocentra je inicijalni postupak u osnivanju Geoparka na, a veoma blizu prirodnih potencijala kakva daju Kiseljak, Fojnica i potencijal Srednjebosanskog kantona, zatim dijelovi visoke Hercegovine, Jablanica, Konjic, Prozor,\u00a0 omogu\u0107ava otvaranje jedne nove destinacije, koja bi u velikoj ve\u0107ini omogu\u010dila o\u010duvanje prirode i kulturne ba\u0161tine i razvoj razli\u010ditih vrsta turizma.<\/p>\n<\/blockquote>\n\n\n\n<p><strong><span style=\"text-decoration: underline;\">\u0160ta bi to donijelo lokalnim zajednicama:<\/span><\/strong><\/p>\n\n\n\n<blockquote class=\"wp-block-quote is-layout-flow wp-block-quote-is-layout-flow\">\n<ul class=\"wp-block-list\">\n<li>Pozicioniranje i unapre\u0111enje lokaliteta za razvoj Geoparka, kao jedne nove i atraktivne destinacije, \u0161to bi se jo\u0161 vi\u0161e dopunilo oja\u010davanjem ugostiteljske ponude,\u00a0 i stvaranje Geocentra koji bi mogao da pove\u017ee \u010ditav prostor kroz nove turisti\u010dke proizvode (geoturizam, kamping, planinaranje, vjerski turizam i kulturni turizam)<\/li>\n<\/ul>\n\n\n\n<ul class=\"wp-block-list\">\n<li>Stvaranje novih turisti\u010dkih proizvoda bi omogu\u0107io da se pojavi niz novih turista koji do sada nisu pohodili ovaj kraj:\n<ul class=\"wp-block-list\">\n<li>Formiranje novih kulturnih sadr\u017eaja (od festivala minerala, raftinga, obilazaka samostana i drugih vjerskih objekata, tvrdjave, spomenika iz drugog svetskog rata i poratnog perioda itd) uz niz obrazovnih sadr\u017eaja;<\/li>\n\n\n\n<li>Gastronomija \u2013 doma\u0107i specijaliteti, uz lovni turizam, ribolovni turizam;<\/li>\n\n\n\n<li>Vjerski turizam i razvoj ruralnog turizma.<\/li>\n<\/ul>\n<\/li>\n<\/ul>\n<\/blockquote>\n\n\n\n<p><strong><u>Geocentar kao prvi nivo u razvoju novog Geoparka<\/u><\/strong><\/p>\n\n\n\n<p>Na prvi pogled izgleda kao da geoparkovi nisu bitni za ostvarivanje potreba mladih za novim turisti\u010dkim i obrazovnim sadr\u017eajima. Jer, kad pogledamo definiciju&nbsp; geoparkova \u2013 da su to u stvari geolo\u0161ki prostori koji se zasnivaju na o\u010duvanju i poznavanju prirodnog ambijenta, to nas na&nbsp; prvi pogled usmjerava da su to stati\u010dni, \u010dak muzejski postavljeni projekti. Me\u0111utim, dana\u0161nji geoparkovi su va\u017eni projekti za razvoj nauke, obrazovanja, za\u0161tite prirode, turizma, proizvodnje zdrave hrane i obnove ruralnih prostora.<\/p>\n\n\n\n<p>Geopark je mnogo vi\u0161e nego samo geolo\u0161ki prostor, bez obzira \u0161to je to svim zemljama u svijetu u osnovnom odre\u0111enju povezano sa geologijom i geomorfologijom. Prije svega, geopark se tako\u0111e mora do\u017eivljavati kao projekat koji u sebi sadr\u017ei jedinstvo prirode, nauke, obrazovanja, kulture, arheologije i turizma, ali zasnovanog na o\u010duvanju vrijednosti u prostoru.<\/p>\n\n\n\n<p>Bosna i Hercegovina ima izuzetne uslove za razvoj najmanje tri geoparka, i to sa mogu\u0107no\u0161\u0107u razvoja neformalnih oblika obrazovanja u njima, koji bi razvijali posebnu kulturu izuzetnosti. Takvi programi bi pomogli da se dobije nova generacija nadarenih mladih ljudi za razvoj nauke i umjetnosti na prostoru \u010ditave Bosne i Hercegovine. Zbog toga, moramo ukazati na samu su\u0161tinu formiranja geoparkova i na njihovu misiju i zna\u010daj.<\/p>\n\n\n\n<p>Geopark u prostoru Srednje Bosne i Hercegovine mo\u017eemo razli\u010dito prostorno posmatrati kao:<\/p>\n\n\n\n<ul class=\"wp-block-list\">\n<li>Podru\u010dje koje je va\u017eno u smislu geologije, geomorfologije i botanike.<\/li>\n\n\n\n<li>Prirodnu raznolikost koja je va\u017ena za o\u010duvanje vodenog svijeta mnogih rijeka, jezera, i prirodno o\u010duvanih\u00a0 dijelova vodotoka, kao \u0161to su izvori i rezervoari pitke vode.<\/li>\n\n\n\n<li>Kao kulturolo\u0161ki prostor koji u svojoj biti je originalan i pru\u017ea mogu\u0107nost jedinstvenog do\u017eivljaja i razli\u010ditih oblika saznanja.<\/li>\n\n\n\n<li>Kao prostor koji se zasniva na istra\u017eivanjima i edukaciji stanovni\u0161tva, pogotovu mladih,<\/li>\n\n\n\n<li>Razvoj kreativnog turizma, na bazi razvoja kreativnih industrija.<\/li>\n<\/ul>\n\n\n\n<p><\/p>\n\n\n\n<p><strong>Geopark je specifi\u010dno podru\u010dje s crtama posebnog geolo\u0161kog zna\u010daja, rariteta ili ljepote. Ove crte su reprezentativne u regionalnoj geolo\u0161koj historiji, doga\u0111ajima i procesima. Osim za nau\u010dna istra\u017eivanja i \u0161iroku edukaciju o okoli\u0161u, geoparkovi mogu dati veliki potencijal za lokalni ekonomski razvoj.<\/strong><strong><\/strong><\/p>\n\n\n\n<p>Jedna od najva\u017enijih djelatnosti geoparkova edukacija mladih. Pogotovu kada su u pitanju znanja iz&nbsp; prirodnih nauka, umjetnosti i historijskog razvoja dru\u0161tva.&nbsp;&nbsp; Zato se uvijek isti\u010de da geoparkovima ne pridonose samo geolo\u0161ki zanimljivi lokaliteti, ve\u0107 i razne druge ekolo\u0161ke, arheolo\u0161ke, historijske i kulturne znamenitosti i susret mladih sa njima.<\/p>\n\n\n\n<p>Zato je organizacija UNESCO pokrovitelj organizacije svjetskih geoparkova, ona nastoji podi\u0107i svijest o georaznolikosti i promovirati najbolje prakse za\u0161tite, obrazovanja i turizma. Zajedno sa mjestima svjetske ba\u0161tine i rezervatima biosfere UNESCO svjetski geoparkovi \u010dine kompletnu paletu alata odr\u017eivog razvoja i daju neprocjenjiv doprinos ostvarivanju ciljeva odr\u017eivog razvoja kombiniranjem globalnih i lokalnih perspektiva.<\/p>\n","protected":false},"excerpt":{"rendered":"<p>Uloga Geocentra u formiranju Geoparka na prostoru Srednje Bosne i Hercegovine Formiranjem Geocentra je inicijalni postupak u osnivanju Geoparka na, a veoma blizu prirodnih potencijala kakva daju Kiseljak, Fojnica i potencijal Srednjebosanskog kantona, zatim dijelovi visoke Hercegovine, Jablanica, Konjic, Prozor,\u00a0 omogu\u0107ava otvaranje jedne nove destinacije, koja bi u velikoj ve\u0107ini omogu\u010dila o\u010duvanje prirode i kulturne [&hellip;]<\/p>\n","protected":false},"author":1,"featured_media":0,"parent":0,"menu_order":0,"comment_status":"closed","ping_status":"closed","template":"","meta":{"saved_in_kubio":true,"footnotes":""},"class_list":["post-239","page","type-page","status-publish","hentry"],"kubio_ai_page_context":{"short_desc":"","purpose":"general"},"_links":{"self":[{"href":"https:\/\/geopark-bih.com\/index.php\/wp-json\/wp\/v2\/pages\/239","targetHints":{"allow":["GET"]}}],"collection":[{"href":"https:\/\/geopark-bih.com\/index.php\/wp-json\/wp\/v2\/pages"}],"about":[{"href":"https:\/\/geopark-bih.com\/index.php\/wp-json\/wp\/v2\/types\/page"}],"author":[{"embeddable":true,"href":"https:\/\/geopark-bih.com\/index.php\/wp-json\/wp\/v2\/users\/1"}],"replies":[{"embeddable":true,"href":"https:\/\/geopark-bih.com\/index.php\/wp-json\/wp\/v2\/comments?post=239"}],"version-history":[{"count":5,"href":"https:\/\/geopark-bih.com\/index.php\/wp-json\/wp\/v2\/pages\/239\/revisions"}],"predecessor-version":[{"id":272,"href":"https:\/\/geopark-bih.com\/index.php\/wp-json\/wp\/v2\/pages\/239\/revisions\/272"}],"wp:attachment":[{"href":"https:\/\/geopark-bih.com\/index.php\/wp-json\/wp\/v2\/media?parent=239"}],"curies":[{"name":"wp","href":"https:\/\/api.w.org\/{rel}","templated":true}]}}